{"id":114,"date":"2013-06-25T11:26:21","date_gmt":"2013-06-25T09:26:21","guid":{"rendered":"http:\/\/wordpress.pommerbachschule.de\/?page_id=114"},"modified":"2025-10-31T09:21:59","modified_gmt":"2025-10-31T08:21:59","slug":"schuldaten-im-schuljahr-20122013","status":"publish","type":"page","link":"http:\/\/www.pommerbachschule.de\/?page_id=114","title":{"rendered":"Schuldaten im Schuljahr 2025\/2026"},"content":{"rendered":"<table width=\"568\">\n<tbody>\n<tr>\n<td width=\"122\">Schultr\u00e4ger:<\/td>\n<td width=\"149\"><\/td>\n<td width=\"297\">Landkreis Cochem-Zell<\/td>\n<\/tr>\n<tr>\n<td width=\"122\"><\/td>\n<td width=\"149\"><\/td>\n<td width=\"297\"><\/td>\n<\/tr>\n<tr>\n<td width=\"122\">Einzugsgebiet:<\/td>\n<td width=\"149\"><\/td>\n<td width=\"297\">VG Cochem<\/td>\n<\/tr>\n<tr>\n<td width=\"122\"><\/td>\n<td width=\"149\"><\/td>\n<td width=\"297\">VG Kaisersesch<\/td>\n<\/tr>\n<tr>\n<td width=\"122\"><\/td>\n<td width=\"149\"><\/td>\n<td width=\"297\">VG Ulmen<\/td>\n<\/tr>\n<tr>\n<td width=\"122\"><\/td>\n<td width=\"149\"><\/td>\n<td width=\"297\">VG Zell<\/td>\n<\/tr>\n<tr>\n<td width=\"122\"><\/td>\n<td width=\"149\"><\/td>\n<td width=\"297\"><\/td>\n<\/tr>\n<tr>\n<td width=\"122\">Sch\u00fclerzahl:<\/td>\n<td width=\"149\"><\/td>\n<td width=\"297\">73 Kaisersesch, 23 Blankenrath<\/td>\n<\/tr>\n<tr>\n<td width=\"122\"><\/td>\n<td width=\"149\"><\/td>\n<td width=\"297\"><\/td>\n<\/tr>\n<tr>\n<td width=\"122\">Klassenzahl:<\/td>\n<td width=\"149\"><\/td>\n<td width=\"297\">9<\/td>\n<\/tr>\n<tr>\n<td width=\"122\"><\/td>\n<td width=\"149\"><\/td>\n<td width=\"297\"><\/td>\n<\/tr>\n<tr>\n<td width=\"122\">Lehrpersonal:<\/td>\n<td width=\"149\">Kaisersesch:<\/td>\n<td width=\"297\">15 Lehrer<\/td>\n<\/tr>\n<tr>\n<td width=\"122\"><\/td>\n<td width=\"149\"><\/td>\n<td width=\"297\"><\/td>\n<\/tr>\n<tr>\n<td width=\"122\"><\/td>\n<td width=\"149\">Blankenrath:<\/td>\n<td width=\"297\">6 Lehrer<\/td>\n<\/tr>\n<tr>\n<td width=\"122\"><\/td>\n<td width=\"149\"><\/td>\n<td width=\"297\">1 P\u00e4d. Fachkraft<\/td>\n<\/tr>\n<tr>\n<td width=\"122\"><\/td>\n<td width=\"149\"><\/td>\n<td width=\"297\"><\/td>\n<\/tr>\n<tr>\n<td width=\"122\"><\/td>\n<td width=\"149\">Abgeordnete:<\/td>\n<td width=\"297\">10 Lehrer<\/td>\n<\/tr>\n<tr>\n<td width=\"122\"><\/td>\n<td width=\"149\"><\/td>\n<td width=\"297\"><\/td>\n<\/tr>\n<tr>\n<td width=\"122\"><\/td>\n<td width=\"149\"><\/td>\n<td width=\"297\"><\/td>\n<\/tr>\n<tr>\n<td width=\"122\"><\/td>\n<td width=\"149\"><\/td>\n<td width=\"297\"><\/td>\n<\/tr>\n<\/tbody>\n<\/table>\n","protected":false},"excerpt":{"rendered":"<p>Schultr\u00e4ger: Landkreis Cochem-Zell Einzugsgebiet: VG Cochem VG Kaisersesch VG Ulmen VG Zell Sch\u00fclerzahl: 73 Kaisersesch, 23 Blankenrath Klassenzahl: 9 Lehrpersonal: Kaisersesch: 15 Lehrer Blankenrath: 6 Lehrer 1 P\u00e4d. Fachkraft Abgeordnete: 10 Lehrer<\/p>\n","protected":false},"author":1,"featured_media":0,"parent":93,"menu_order":1,"comment_status":"closed","ping_status":"closed","template":"","meta":[],"_links":{"self":[{"href":"http:\/\/www.pommerbachschule.de\/index.php?rest_route=\/wp\/v2\/pages\/114"}],"collection":[{"href":"http:\/\/www.pommerbachschule.de\/index.php?rest_route=\/wp\/v2\/pages"}],"about":[{"href":"http:\/\/www.pommerbachschule.de\/index.php?rest_route=\/wp\/v2\/types\/page"}],"author":[{"embeddable":true,"href":"http:\/\/www.pommerbachschule.de\/index.php?rest_route=\/wp\/v2\/users\/1"}],"replies":[{"embeddable":true,"href":"http:\/\/www.pommerbachschule.de\/index.php?rest_route=%2Fwp%2Fv2%2Fcomments&post=114"}],"version-history":[{"count":37,"href":"http:\/\/www.pommerbachschule.de\/index.php?rest_route=\/wp\/v2\/pages\/114\/revisions"}],"predecessor-version":[{"id":1604,"href":"http:\/\/www.pommerbachschule.de\/index.php?rest_route=\/wp\/v2\/pages\/114\/revisions\/1604"}],"up":[{"embeddable":true,"href":"http:\/\/www.pommerbachschule.de\/index.php?rest_route=\/wp\/v2\/pages\/93"}],"wp:attachment":[{"href":"http:\/\/www.pommerbachschule.de\/index.php?rest_route=%2Fwp%2Fv2%2Fmedia&parent=114"}],"curies":[{"name":"wp","href":"https:\/\/api.w.org\/{rel}","templated":true}]}}