{"id":1525,"date":"2024-11-15T10:55:20","date_gmt":"2024-11-15T09:55:20","guid":{"rendered":"http:\/\/www.pommerbachschule.de\/?page_id=1525"},"modified":"2024-11-15T10:55:20","modified_gmt":"2024-11-15T09:55:20","slug":"leitbild","status":"publish","type":"page","link":"http:\/\/www.pommerbachschule.de\/?page_id=1525","title":{"rendered":"Leitbild"},"content":{"rendered":"<p style=\"text-align: left;\"><strong>Leitbild<\/strong><\/p>\n<p style=\"text-align: left;\">Unsere Schule ist ein Schon- und Schutzraum f\u00fcr alle. An unserer Schule sorgt ein starkes, engagiertes Team aus Sch\u00fclerinnen und Sch\u00fclern, Lehrkr\u00e4ften und Eltern f\u00fcr eine gute Zusammenarbeit. Wir begleiten die Kinder und Jugendlichen in ihrer pers\u00f6nlichen Entwicklung, indem wir sie individuell f\u00f6rdern und fordern. Wir wecken das Interesse an anderen Sprachen, Kulturen und Wissensgebieten. Dadurch und durch den vertrauensvollen Umgang machen wir unsere Sch\u00fclerinnen und Sch\u00fcler stark.<\/p>\n<p style=\"text-align: left;\">Zus\u00e4tzlich zum Bildungsauftrag haben wir auch einen Erziehungsauftrag, der sich am Kindeswohl orientiert. Wir erziehen unsere Sch\u00fclerinnen und Sch\u00fcler zu selbstbewussten und achtsamen Pers\u00f6nlichkeiten heran.<\/p>\n<p style=\"text-align: left;\">Wir achten auf unsere Umwelt und sch\u00fctzen die Natur.<\/p>\n<p style=\"text-align: left;\">Wir treten ein f\u00fcr einen souver\u00e4nen und verantwortungsvollen Umgang mit sozialen Medien.<\/p>\n","protected":false},"excerpt":{"rendered":"<p>Leitbild Unsere Schule ist ein Schon- und Schutzraum f\u00fcr alle. An unserer Schule sorgt ein starkes, engagiertes Team aus Sch\u00fclerinnen und Sch\u00fclern, Lehrkr\u00e4ften und Eltern f\u00fcr eine gute Zusammenarbeit. Wir begleiten die Kinder und Jugendlichen in ihrer pers\u00f6nlichen Entwicklung, indem &hellip;<\/p>\n<div class=\"read_more\"><a href=\"http:\/\/www.pommerbachschule.de\/?page_id=1525\">read more<\/a><\/div>\n","protected":false},"author":3,"featured_media":0,"parent":0,"menu_order":0,"comment_status":"closed","ping_status":"closed","template":"","meta":[],"_links":{"self":[{"href":"http:\/\/www.pommerbachschule.de\/index.php?rest_route=\/wp\/v2\/pages\/1525"}],"collection":[{"href":"http:\/\/www.pommerbachschule.de\/index.php?rest_route=\/wp\/v2\/pages"}],"about":[{"href":"http:\/\/www.pommerbachschule.de\/index.php?rest_route=\/wp\/v2\/types\/page"}],"author":[{"embeddable":true,"href":"http:\/\/www.pommerbachschule.de\/index.php?rest_route=\/wp\/v2\/users\/3"}],"replies":[{"embeddable":true,"href":"http:\/\/www.pommerbachschule.de\/index.php?rest_route=%2Fwp%2Fv2%2Fcomments&post=1525"}],"version-history":[{"count":1,"href":"http:\/\/www.pommerbachschule.de\/index.php?rest_route=\/wp\/v2\/pages\/1525\/revisions"}],"predecessor-version":[{"id":1526,"href":"http:\/\/www.pommerbachschule.de\/index.php?rest_route=\/wp\/v2\/pages\/1525\/revisions\/1526"}],"wp:attachment":[{"href":"http:\/\/www.pommerbachschule.de\/index.php?rest_route=%2Fwp%2Fv2%2Fmedia&parent=1525"}],"curies":[{"name":"wp","href":"https:\/\/api.w.org\/{rel}","templated":true}]}}