{"id":299,"date":"2013-09-18T17:10:45","date_gmt":"2013-09-18T15:10:45","guid":{"rendered":"http:\/\/pommerbachschule.de\/?page_id=299"},"modified":"2017-02-03T14:06:45","modified_gmt":"2017-02-03T12:06:45","slug":"beratung-und-information","status":"publish","type":"page","link":"http:\/\/www.pommerbachschule.de\/?page_id=299","title":{"rendered":"Beratung und Information"},"content":{"rendered":"<p><strong><u>Beratung <\/u><\/strong>Die Schule leistet Beratung f\u00fcr Kinderg\u00e4rten, Grundschulen, Realschulen plus, IGS, Jugend\u00e4mter und Eltern in allen Fragen individueller schulischer F\u00f6rderung.<\/p>\n<p><strong><u>Erstellung von Gutachten u. Feststellung von besonderem F\u00f6rderbedarf \/ F\u00f6rder- u. Beratungszentrum <\/u><\/strong>Qualifizierte erfahrene F\u00f6rderschullehrerinnen und F\u00f6rderschullehrer\u00a0erstellen sonderp\u00e4dagogische Gutachten von Kindern und Jugendlichen, die an unserer Schule von Regelschulen gemeldet werden. Das Gutachten erschlie\u00dft die momentane F\u00f6rdersituation des Kindes und zeigt auf dem Hintergrund personaler, sozio-kultureller, medizinischer, sonderp\u00e4dagogischer und psychischer Bedingungsfaktoren M\u00f6glichkeiten einer geeigneten individualp\u00e4dagogischen F\u00f6rderung auf. Im Verbund mit dem Standort Blankenrath und den SFGM-Schulen Dohr und D\u00fcngenheim wird eine Beratung auf Anfrage f\u00fcr alle Schularten im Kreis Cochem-Zell erm\u00f6glicht.<\/p>\n<p><strong><u>Schule<\/u><\/strong> Die Schule f\u00f6rdert Kinder und Jugendliche mit festgestelltem sonderp\u00e4dagogischem F\u00f6rderbedarf im Bereich des Lernens individuell in kleinen Klassen und Lerngruppen, wobei ihre besonderen Lernbedingungen ber\u00fccksichtigt werden. Ein Schulabschluss nach der 9. Klasse (besondere Berufsreife) bzw. nach dem freiwilligen 10. Schuljahr (Berufsreife) wird angestrebt.<\/p>\n<p><strong><u>Integrierte F\u00f6rderma\u00dfnahmen<\/u><\/strong> Die Schule f\u00fchrt nach vorhandenen Ressourcen an Grundschulen integrierte F\u00f6rderma\u00dfnahmen durch, um Kindern mit Lernproblemen zu helfen. Diese F\u00f6rderung wurde in den letzten beiden Schuljahren zeitlich zugunsten des F\u00f6rder- und Beratungszentrums reduziert.<\/p>\n<p><strong><u>Schule &#8211; Beruf<\/u><\/strong> Die Schule unternimmt besondere Anstrengungen, um die Sch\u00fclerinnen und Sch\u00fcler auf das Berufsleben vorzubereiten. Ab der 6. Klasse finden Einblicke in die Berufswelt und die Anbahnung praktischer Fertigkeiten in den Unterricht Eingang. Das Fach \u201eArbeitslehre\u201c ist Hauptfach. Hier werden die praktischen und theoretischen Grundlagen gelegt, die f\u00fcr einen sp\u00e4teren Beruf von Bedeutung sind. In den unterschiedlichsten Betrieben finden mehrw\u00f6chige Betriebspraktika statt. In der 9. Und 10. Klasse wird zus\u00e4tzlich ein \u201ePraxistag\u201c angeboten. Hier sind die Sch\u00fclerinnen und Sch\u00fcler 1 x pro Woche f\u00fcr 1 Jahr in einem festen Betrieb, wenn m\u00f6glich ihrer Wahl, um regelm\u00e4\u00dfige Einblicke in das Berufsleben zu erlangen und ihre bisherigen Kompetenzen zu erweitern. Die M\u00f6glichkeit, sich von seiner besten Seite im Betrieb zu zeigen, sollte mit Hinblick auf eine etwaige zuk\u00fcnftige Lehr\u2013 oder Arbeitsstelle genutzt werden. Zus\u00e4tzliche Ma\u00dfnahmen der Arbeitsagentur und des Berufsbildungszentrums der Handwerkskammer Koblenz werden von einzelnen Klassen durchgef\u00fchrt.<\/p>\n","protected":false},"excerpt":{"rendered":"<p>Beratung Die Schule leistet Beratung f\u00fcr Kinderg\u00e4rten, Grundschulen, Realschulen plus, IGS, Jugend\u00e4mter und Eltern in allen Fragen individueller schulischer F\u00f6rderung. Erstellung von Gutachten u. Feststellung von besonderem F\u00f6rderbedarf \/ F\u00f6rder- u. Beratungszentrum Qualifizierte erfahrene F\u00f6rderschullehrerinnen und F\u00f6rderschullehrer\u00a0erstellen sonderp\u00e4dagogische Gutachten von &hellip;<\/p>\n<div class=\"read_more\"><a href=\"http:\/\/www.pommerbachschule.de\/?page_id=299\">read more<\/a><\/div>\n","protected":false},"author":2,"featured_media":0,"parent":0,"menu_order":5,"comment_status":"closed","ping_status":"closed","template":"","meta":[],"_links":{"self":[{"href":"http:\/\/www.pommerbachschule.de\/index.php?rest_route=\/wp\/v2\/pages\/299"}],"collection":[{"href":"http:\/\/www.pommerbachschule.de\/index.php?rest_route=\/wp\/v2\/pages"}],"about":[{"href":"http:\/\/www.pommerbachschule.de\/index.php?rest_route=\/wp\/v2\/types\/page"}],"author":[{"embeddable":true,"href":"http:\/\/www.pommerbachschule.de\/index.php?rest_route=\/wp\/v2\/users\/2"}],"replies":[{"embeddable":true,"href":"http:\/\/www.pommerbachschule.de\/index.php?rest_route=%2Fwp%2Fv2%2Fcomments&post=299"}],"version-history":[{"count":8,"href":"http:\/\/www.pommerbachschule.de\/index.php?rest_route=\/wp\/v2\/pages\/299\/revisions"}],"predecessor-version":[{"id":579,"href":"http:\/\/www.pommerbachschule.de\/index.php?rest_route=\/wp\/v2\/pages\/299\/revisions\/579"}],"wp:attachment":[{"href":"http:\/\/www.pommerbachschule.de\/index.php?rest_route=%2Fwp%2Fv2%2Fmedia&parent=299"}],"curies":[{"name":"wp","href":"https:\/\/api.w.org\/{rel}","templated":true}]}}