{"id":774,"date":"2018-12-17T13:21:53","date_gmt":"2018-12-17T11:21:53","guid":{"rendered":"http:\/\/www.pommerbachschule.de\/?page_id=774"},"modified":"2021-11-29T09:29:29","modified_gmt":"2021-11-29T08:29:29","slug":"schulsozialarbeit","status":"publish","type":"page","link":"http:\/\/www.pommerbachschule.de\/?page_id=774","title":{"rendered":"Schulsozialarbeit"},"content":{"rendered":"<div id=\"attachment_812\" style=\"width: 192px\" class=\"wp-caption alignleft\"><a href=\"http:\/\/wordpress.pommerbachschule.de\/wp-content\/uploads\/2018\/12\/Frau-Gro\u00df.jpg\"><img aria-describedby=\"caption-attachment-812\" loading=\"lazy\" class=\" wp-image-812\" src=\"http:\/\/wordpress.pommerbachschule.de\/wp-content\/uploads\/2018\/12\/Frau-Gro\u00df-225x300.jpg\" alt=\"\" width=\"182\" height=\"243\" srcset=\"http:\/\/wordpress.pommerbachschule.de\/wp-content\/uploads\/2018\/12\/Frau-Gro\u00df-225x300.jpg 225w, http:\/\/wordpress.pommerbachschule.de\/wp-content\/uploads\/2018\/12\/Frau-Gro\u00df-768x1024.jpg 768w, http:\/\/wordpress.pommerbachschule.de\/wp-content\/uploads\/2018\/12\/Frau-Gro\u00df-143x190.jpg 143w, http:\/\/wordpress.pommerbachschule.de\/wp-content\/uploads\/2018\/12\/Frau-Gro\u00df-60x80.jpg 60w, http:\/\/wordpress.pommerbachschule.de\/wp-content\/uploads\/2018\/12\/Frau-Gro\u00df-251x335.jpg 251w\" sizes=\"(max-width: 182px) 100vw, 182px\" \/><\/a><p id=\"caption-attachment-812\" class=\"wp-caption-text\"><span style=\"color: #ffffff;\">dig<\/span><\/p><\/div>\n<p>Sehr geehrte Eltern, liebe Sch\u00fcler und Sch\u00fclerinnen,<\/p>\n<p>an der F\u00f6rderschule Kaisersesch gibt es seit Dezember 2018 eine Schulsozialarbeiterin.<\/p>\n<p>Ich m\u00f6chte mich Ihnen und Euch vorstellen.<\/p>\n<p>Als Schulsozialarbeiterin stehe ich Ihnen in allen Fragen bei famili\u00e4ren, schulischen und erzieherischen Problematiken unterst\u00fctzend zur Seite. Ich bin seit 2009 bei der Kreisverwaltung Cochem-Zell als Schulsozialarbeiterin angestellt. Vor meiner Elternzeit habe ich bereits an der Realschule plus Kaisersesch als Schulsozialarbeiterin gearbeitet. Ich bin 34 Jahre alt und habe drei Kinder.<\/p>\n<p>&nbsp;<\/p>\n<p>Meine Sprechzeiten an der Schule sind:<\/p>\n<p><span style=\"color: #3366ff;\">montags, mittwochs und donnerstags vormittags von 8 bis 13 Uhr.<\/span><\/p>\n<p>Sie k\u00f6nnen \/ ihr k\u00f6nnt mich unter <span style=\"color: #3366ff;\">irene.gross@cochem-zell.de, (0 26 53) 59 08 30 <span style=\"color: #000000;\">oder<\/span> 0160\/91039850<\/span> erreichen.<\/p>\n<p>Zu meinen Arbeitsschwerpunkten geh\u00f6ren:<\/p>\n<ul>\n<li><u>Soziale Gruppenprojekte: <\/u><\/li>\n<\/ul>\n<p>Ich biete in Klassen Projekte an, die die sozialen Kompetenzen der Sch\u00fcler\/innen st\u00e4rken sollen. Hierzu k\u00f6nnen Themen wie Kommunikation, Gef\u00fchle, Teamwork und St\u00e4rkung der Klassengemeinschaft z\u00e4hlen<\/p>\n<ul>\n<li><u>Einzelfallhilfe: <\/u><\/li>\n<\/ul>\n<p>In Einzelgespr\u00e4chen biete ich jedem Sch\u00fcler \/ jeder Sch\u00fclerin Hilfe und Unterst\u00fctzung hinsichtlich schulischer, famili\u00e4rer und anderen sozialen Problematiken an.<\/p>\n<p>Ziel ist es, die Pers\u00f6nlichkeit der\/des Einzelnen zu st\u00e4rken und eine individuelle Probleml\u00f6sung zu erarbeiten.<\/p>\n<p>Ich freue mich auf eine gute Zusammenarbeit!<\/p>\n<p>Irene Gro\u00df<\/p>\n<p>&nbsp;<\/p>\n<p>&nbsp;<\/p>\n","protected":false},"excerpt":{"rendered":"<a href=\"http:\/\/www.pommerbachschule.de\/?page_id=774\" style=\"background-image: url(http:\/\/wordpress.pommerbachschule.de\/wp-content\/uploads\/2018\/12\/Frau-Gro\u00df-225x300.jpg);\" class=\"thumb_crop\">http:\/\/wordpress.pommerbachschule.de\/wp-content\/uploads\/2018\/12\/Frau-Gro\u00df-225x300.jpg<\/a><p>Sehr geehrte Eltern, liebe Sch\u00fcler und Sch\u00fclerinnen, an der F\u00f6rderschule Kaisersesch gibt es seit Dezember 2018 eine Schulsozialarbeiterin. Ich m\u00f6chte mich Ihnen und Euch vorstellen. Als Schulsozialarbeiterin stehe ich Ihnen in allen Fragen bei famili\u00e4ren, schulischen und erzieherischen Problematiken unterst\u00fctzend &hellip;<\/p>\n<div class=\"read_more\"><a href=\"http:\/\/www.pommerbachschule.de\/?page_id=774\">read more<\/a><\/div>\n","protected":false},"author":2,"featured_media":0,"parent":504,"menu_order":6,"comment_status":"closed","ping_status":"closed","template":"","meta":[],"_links":{"self":[{"href":"http:\/\/www.pommerbachschule.de\/index.php?rest_route=\/wp\/v2\/pages\/774"}],"collection":[{"href":"http:\/\/www.pommerbachschule.de\/index.php?rest_route=\/wp\/v2\/pages"}],"about":[{"href":"http:\/\/www.pommerbachschule.de\/index.php?rest_route=\/wp\/v2\/types\/page"}],"author":[{"embeddable":true,"href":"http:\/\/www.pommerbachschule.de\/index.php?rest_route=\/wp\/v2\/users\/2"}],"replies":[{"embeddable":true,"href":"http:\/\/www.pommerbachschule.de\/index.php?rest_route=%2Fwp%2Fv2%2Fcomments&post=774"}],"version-history":[{"count":17,"href":"http:\/\/www.pommerbachschule.de\/index.php?rest_route=\/wp\/v2\/pages\/774\/revisions"}],"predecessor-version":[{"id":1250,"href":"http:\/\/www.pommerbachschule.de\/index.php?rest_route=\/wp\/v2\/pages\/774\/revisions\/1250"}],"up":[{"embeddable":true,"href":"http:\/\/www.pommerbachschule.de\/index.php?rest_route=\/wp\/v2\/pages\/504"}],"wp:attachment":[{"href":"http:\/\/www.pommerbachschule.de\/index.php?rest_route=%2Fwp%2Fv2%2Fmedia&parent=774"}],"curies":[{"name":"wp","href":"https:\/\/api.w.org\/{rel}","templated":true}]}}