{"id":83,"date":"2013-06-25T11:01:44","date_gmt":"2013-06-25T09:01:44","guid":{"rendered":"http:\/\/wordpress.pommerbachschule.de\/?page_id=83"},"modified":"2015-10-14T12:15:57","modified_gmt":"2015-10-14T10:15:57","slug":"fur-schuler","status":"publish","type":"page","link":"http:\/\/www.pommerbachschule.de\/?page_id=83","title":{"rendered":"F\u00fcr Sch\u00fcler"},"content":{"rendered":"<p><!-- [if gte mso 9]><xml>\n<o:OfficeDocumentSettings>\n<o:RelyOnVML\/>\n<o:AllowPNG\/>\n<\/o:OfficeDocumentSettings>\n<\/xml><![endif]--><\/p>\n<p style=\"text-align: center;\"><span style=\"text-decoration: underline;\"><strong>Pausenordnung<\/strong><\/span><\/p>\n<p><span style=\"text-decoration: underline;\">Vor Schulbeginn<\/span> &#8211; Auf dem Schulweg achte ich auf den Stra\u00dfenverkehr. &#8211; Ich komme direkt ins Schulgeb\u00e4ude und halte mich dort nur im Atrium auf. &#8211; Den Haupteingang und die Haupttreppe halte ich aus Sicherheitsgr\u00fcnden (Fluchtweg) frei. &#8211; Nach dem Klingeln gehe ich langsam nach oben und warte vor meiner Klasse auf die Lehrer. <span style=\"text-decoration: underline;\">Pause<\/span>\u00a0&#8211; Die Pausen sind zur Erholung gedacht. Zu Beginn der Pause verlasse ich die Klasse und gehe z\u00fcgig auf meinen Pausenhof. &#8211; Die Wiese mit den Spielger\u00e4ten ist nur f\u00fcr die Kinder der Unterstufe gedacht. &#8211; Alle anderen Sch\u00fcler-\/innen halten sich auf dem oberen Schulhof auf (befestigtes Gel\u00e4nde). &#8211; Der Aufenthalt im Geb\u00fcsch und hinter der Torwand ist nicht gestattet. &#8211; Sch\u00fcler-\/innen der Oberstufe unterst\u00fctzen die Aufsicht f\u00fchrende Lehrkraft. &#8211; Die Toilette ist kein Aufenthaltsort. &#8211; W\u00e4hrend der Pause darf ich das Geb\u00e4ude ohne Erlaubnis nicht betreten. &#8211; Das Rauchen ist allen Sch\u00fcler-\/innen untersagt. &#8211; Spielger\u00e4te kann ich am Blockhaus ausleihen und am Ende der Pause dort wieder abgeben. &#8211; Fu\u00dfball spiele ich nur im Bereich der Tore. Da nur ein Ball zur Verf\u00fcgung steht, bilde ich Mannschaften und spiele fair und r\u00fccksichtsvoll. Den Fu\u00dfball schie\u00dfe ich nicht auf das Schuldach. &#8211; Alle gef\u00e4hrlichen und r\u00fccksichtslosen T\u00e4tigkeiten wie z.B.\u00a0 Schubsen, Bein stellen,\u00a0 Treten, Werfen mit Gegenst\u00e4nden, Spa\u00dfk\u00e4mpfe, Beschimpfungen und Spucken sind verboten. &#8211; Mein Handy lasse ich in der Klasse. &#8211; Auf dem Spielplatz sind viele Spiele ohne Ball m\u00f6glich. &#8211; Andere Kinder schubse ich nicht von den Spielger\u00e4ten. &#8211; M\u00fcll werfe ich nicht auf den Boden. &#8211; Die Pause endet auf dem Schulhof. &#8211; Ich stelle mich ruhig an die Eingangst\u00fcr und warte bis die Lehrkraft aufschlie\u00dft. &#8211; Dann gehe ich ruhig in meine Klasse. <span style=\"text-decoration: underline;\">Regenpause<\/span> W\u00e4hrend der Regenpause (Entscheidung trifft die Aufsicht) halte ich mich im Atrium auf und denke mir ruhige Spiele aus. Aus Sicherheitsgr\u00fcnden ist das Toben und Rennen nicht erlaubt. <span style=\"text-decoration: underline;\">Winter<\/span> Wegen zu hoher Verletzungsgefahr darf ich keine Schneeb\u00e4lle werfen.<\/p>\n<p align=\"center\"><strong>Das Verlassen des Schulgel\u00e4ndes w\u00e4hrend der Schulzeit ist vom Versicherungsschutz nichtgedeckt und deshalb strengstens verboten!<\/strong><\/p>\n<p><span style=\"text-decoration: underline;\">Sanktionen<\/span> Halte ich mich nicht an die Pausenregeln, muss ich die n\u00e4chste Pause im Haus verbringen und die Regeln abschreiben. &#8211; Nehme ich mein Handy mit in die Pause, wird es eingezogen. &#8211; Kommt es wiederholt zu Verst\u00f6\u00dfen, werden meine Eltern informiert.<\/p>\n","protected":false},"excerpt":{"rendered":"<p>Pausenordnung Vor Schulbeginn &#8211; Auf dem Schulweg achte ich auf den Stra\u00dfenverkehr. &#8211; Ich komme direkt ins Schulgeb\u00e4ude und halte mich dort nur im Atrium auf. &#8211; Den Haupteingang und die Haupttreppe halte ich aus Sicherheitsgr\u00fcnden (Fluchtweg) frei. &#8211; Nach &hellip;<\/p>\n<div class=\"read_more\"><a href=\"http:\/\/www.pommerbachschule.de\/?page_id=83\">read more<\/a><\/div>\n","protected":false},"author":1,"featured_media":0,"parent":0,"menu_order":8,"comment_status":"closed","ping_status":"closed","template":"","meta":[],"_links":{"self":[{"href":"http:\/\/www.pommerbachschule.de\/index.php?rest_route=\/wp\/v2\/pages\/83"}],"collection":[{"href":"http:\/\/www.pommerbachschule.de\/index.php?rest_route=\/wp\/v2\/pages"}],"about":[{"href":"http:\/\/www.pommerbachschule.de\/index.php?rest_route=\/wp\/v2\/types\/page"}],"author":[{"embeddable":true,"href":"http:\/\/www.pommerbachschule.de\/index.php?rest_route=\/wp\/v2\/users\/1"}],"replies":[{"embeddable":true,"href":"http:\/\/www.pommerbachschule.de\/index.php?rest_route=%2Fwp%2Fv2%2Fcomments&post=83"}],"version-history":[{"count":15,"href":"http:\/\/www.pommerbachschule.de\/index.php?rest_route=\/wp\/v2\/pages\/83\/revisions"}],"predecessor-version":[{"id":401,"href":"http:\/\/www.pommerbachschule.de\/index.php?rest_route=\/wp\/v2\/pages\/83\/revisions\/401"}],"wp:attachment":[{"href":"http:\/\/www.pommerbachschule.de\/index.php?rest_route=%2Fwp%2Fv2%2Fmedia&parent=83"}],"curies":[{"name":"wp","href":"https:\/\/api.w.org\/{rel}","templated":true}]}}